{"id":931,"date":"2020-12-01T12:32:49","date_gmt":"2020-12-01T11:32:49","guid":{"rendered":"https:\/\/fluxaibiza.com\/producto\/pack-saffron-flowers-curry-salts\/"},"modified":"2024-12-16T12:41:35","modified_gmt":"2024-12-16T11:41:35","slug":"paquete-de-tres-sales-aromaticas-de-azafran-flores-y-curry","status":"publish","type":"product","link":"https:\/\/fluxaibiza.com\/en\/product\/paquete-de-tres-sales-aromaticas-de-azafran-flores-y-curry\/","title":{"rendered":"Paquete de tres sales arom\u00e1ticas de azafr\u00e1n, flores y curry"},"content":{"rendered":"<p>Envases de cart\u00f3n de tres sales aromatizadas de azafr\u00e1n, flores y curry<\/p>\n<ul>\n<li>Peso neto: 195gr<\/li>\n<li>Peso bruto: 390gr<\/li>\n<\/ul>","protected":false},"excerpt":{"rendered":"<p>Envases de cart\u00f3n de tres sales aromatizadas de azafr\u00e1n, flores y curry Peso neto: 195gr Peso bruto: 390gr<\/p>","protected":false},"featured_media":932,"template":"","meta":{"_acf_changed":false,"site-sidebar-layout":"default","site-content-layout":"default","ast-global-header-display":"","ast-main-header-display":"","ast-hfb-above-header-display":"","ast-hfb-below-header-display":"","ast-hfb-mobile-header-display":"","site-post-title":"","ast-breadcrumbs-content":"","ast-featured-img":"","footer-sml-layout":"","theme-transparent-header-meta":"default","adv-header-id-meta":"","stick-header-meta":"","header-above-stick-meta":"","header-main-stick-meta":"","header-below-stick-meta":""},"product_cat":[26,25],"product_tag":[],"class_list":{"0":"post-931","1":"product","2":"type-product","3":"status-publish","4":"has-post-thumbnail","6":"product_cat-pack-de-sal-de-tres-sabores","7":"product_cat-sal-de-ibiza","8":"desktop-align-center","9":"tablet-align-left","10":"mobile-align-left","11":"ast-product-gallery-layout-first-image-large","12":"ast-product-gallery-with-no-image","13":"ast-product-tabs-layout-horizontal","14":"ast-qv-on-image","16":"first","17":"instock","18":"taxable","19":"shipping-taxable","20":"purchasable","21":"product-type-simple"},"acf":[],"_links":{"self":[{"href":"https:\/\/fluxaibiza.com\/en\/wp-json\/wp\/v2\/product\/931","targetHints":{"allow":["GET"]}}],"collection":[{"href":"https:\/\/fluxaibiza.com\/en\/wp-json\/wp\/v2\/product"}],"about":[{"href":"https:\/\/fluxaibiza.com\/en\/wp-json\/wp\/v2\/types\/product"}],"wp:featuredmedia":[{"embeddable":true,"href":"https:\/\/fluxaibiza.com\/en\/wp-json\/wp\/v2\/media\/932"}],"wp:attachment":[{"href":"https:\/\/fluxaibiza.com\/en\/wp-json\/wp\/v2\/media?parent=931"}],"wp:term":[{"taxonomy":"product_cat","embeddable":true,"href":"https:\/\/fluxaibiza.com\/en\/wp-json\/wp\/v2\/product_cat?post=931"},{"taxonomy":"product_tag","embeddable":true,"href":"https:\/\/fluxaibiza.com\/en\/wp-json\/wp\/v2\/product_tag?post=931"}],"curies":[{"name":"wp","href":"https:\/\/api.w.org\/{rel}","templated":true}]}}