{"id":921,"date":"2023-08-29T10:04:30","date_gmt":"2023-08-29T08:04:30","guid":{"rendered":"https:\/\/fluxaibiza.com\/producto\/dulce-de-guindilla\/"},"modified":"2024-11-12T18:03:42","modified_gmt":"2024-11-12T17:03:42","slug":"dulce-de-guindilla","status":"publish","type":"product","link":"https:\/\/fluxaibiza.com\/en\/product\/dulce-de-guindilla\/","title":{"rendered":"Chili Jam"},"content":{"rendered":"<h2>\u00bfTienes dudas sobre c\u00f3mo disfrutar de nuestra mermelada?<\/h2>\n<p>Es perfecta para dar un toque picante a tus platos y para maridar con diferentes tipos de alimentos. Pru\u00e9bala y descubre por qu\u00e9 es una de las favoritas de nuestros clientes.<\/p>\n<h2>\u00bfQu\u00e9 ingredientes contiene Salsa Dulce de Chilli Flux\u00e0 Ibiza?<\/h2>\n<p>En Fluxa Ibiza, cultivamos una selecci\u00f3n de guindillas rojas en nuestra finca para asegurar la m\u00e1xima calidad. Con estos ingredientes de primera, elaboramos dos de nuestras recetas m\u00e1s populares: esta mermelada y nuestro Aceite Picante. La <b>salsa dulce de guindilla<\/b>\u00a0Flux\u00e0 est\u00e1\u00a0<b>elaborada artesanalmente<\/b>\u00a0a base de guindillas rojas, az\u00facar y agar-agar.<\/p>\n<div>Es un producto,\u00a0<b>100% natural<\/b>, ideal para acompa\u00f1ar quesos y todo tipo de carnes.<\/div>\n<div>\n<ul>\n<li><b>Envase:<\/b>\u00a0tarro de cristal con tapa dorada<\/li>\n<li><b>Peso neto<\/b>: 65gr<\/li>\n<li><b>Peso bruto<\/b>: 130gr<\/li>\n<\/ul>\n<\/div>\n<h2>Is the production artisanal?<\/h2>\n<p>S\u00ed, todos nuestros productos son artesanales. Juan es artesano licorero y Bel\u00e9n artesana mermeladera y entre los dos desarrollan y elaboran todos nuestros productos (concepci\u00f3n de la receta, cultivo de los ingredientes en nuestra finca y elaboraci\u00f3n del producto)<\/p>\n<h2>What kind of additives and preservatives does it contain?<\/h2>\n<p>None. All the products are natural and therefore contain no additives of any kind (preservatives, colorants, or chemical agents).<\/p>\n<h2>Is it an original recipe?<\/h2>\n<p>S\u00ed, la receta de nuestra mermelada ha sido desarrollada por Flux\u00e0 Ibiza (Bel\u00e9n Alonso, artesana mermeladera)<\/p>\n<h2>How is the product packaged?<\/h2>\n<p>We do it by hand in our factory so we guarantee and supervise the entire production chain.<\/p>\n<h2>How long does my order take?<\/h2>\n<p>Once you place your order, we deliver it to the transport agency within 24 hours.<\/p>\n<h2>What happens if my product does not arrive in perfect condition?<\/h2>\n<p>Si el producto no llega en perfectas condiciones, no dudes en contactarnos. Nos aseguramos de que cada tarro de mermelada llegue a tu mesa como si lo estuvieras disfrutando directamente en nuestra isla.<\/p>\n<p><script type=\"application\/ld+json\">\n{\n  \"@context\": \"https:\/\/schema.org\",\n  \"@type\": \"FAQPage\",\n  \"mainEntity\": [{\n    \"@type\": \"Question\",\n    \"name\": \"\u00bfQu\u00e9 ingredientes contiene el Dulce de Chilli Flux\u00e0 Ibiza?\",\n    \"acceptedAnswer\": {\n      \"@type\": \"Answer\",\n      \"text\": \"El dulce de guindilla Flux\u00e0 est\u00e1 elaborado artesanalmente a base de guindillas rojas, az\u00facar y agar-agar.\"\n    }\n  },{\n    \"@type\": \"Question\",\n    \"name\": \"\u00bfLa fabricaci\u00f3n es artesanal?\",\n    \"acceptedAnswer\": {\n      \"@type\": \"Answer\",\n      \"text\": \"S\u00ed, todos nuestros productos son artesanales. Juan es artesano licorero y Bel\u00e9n artesana mermeladera y entre los dos desarrollan y elaboran todos nuestros productos (concepci\u00f3n de la receta, cultivo de los ingredientes en nuestra finca y elaboraci\u00f3n del producto)\"\n    }\n  },{\n    \"@type\": \"Question\",\n    \"name\": \"\u00bfQu\u00e9 tipo de aditivos y conservantes contiene?\",\n    \"acceptedAnswer\": {\n      \"@type\": \"Answer\",\n      \"text\": \"Ninguno.  Todos los productos son naturales y por lo tanto se trata de un producto sin aditivos de ninguna clase (conservante, colorante o agente qu\u00edmico).\"\n    }\n  },{\n    \"@type\": \"Question\",\n    \"name\": \"\u00bfSe trata de una receta original?\",\n    \"acceptedAnswer\": {\n      \"@type\": \"Answer\",\n      \"text\": \"S\u00ed, la receta de nuestro Dulce de Chilli ha sido desarrollada por Flux\u00e0 Ibiza (Bel\u00e9n Alonso, artesana mermeladera)\"\n    }\n  },{\n    \"@type\": \"Question\",\n    \"name\": \"\u00bfC\u00f3mo se realiza el envasado del producto?\",\n    \"acceptedAnswer\": {\n      \"@type\": \"Answer\",\n      \"text\": \"Lo realizamos a mano en nuestra f\u00e1brica por lo que garantizamos y supervisamos toda la cadena de producci\u00f3n.\"\n    }\n  },{\n    \"@type\": \"Question\",\n    \"name\": \"\u00bfCu\u00e1nto tarda mi pedido?\",\n    \"acceptedAnswer\": {\n      \"@type\": \"Answer\",\n      \"text\": \"Una vez realices tu pedido, lo dejamos en la agencia de transporte en 24 horas.\"\n    }\n  },{\n    \"@type\": \"Question\",\n    \"name\": \"\u00bfQu\u00e9 pasa si mi producto no llega en perfectas condiciones?\",\n    \"acceptedAnswer\": {\n      \"@type\": \"Answer\",\n      \"text\": \"Nuestros paquetes se env\u00edan perfectamente embalados a trav\u00e9s de mensajer\u00eda.\nNos aseguramos de que su conservaci\u00f3n y traslado se realicen en las mejores condiciones, para que sirvas en tu mesa un producto tradicional, tal y c\u00f3mo lo estar\u00edas disfrutando en nuestra isla.\nSi el producto no llegase en perfectas condiciones, ponte en contacto con nosotros y solucionaremos cualquier inconveniente a la mayor brevedad.\"\n    }\n  }]\n}\n<\/script><\/p>","protected":false},"excerpt":{"rendered":"<p>Discover the burst of flavor that is our Flux\u00e0 Chili Jam. Handmade with red chilies, sugar, and agar-agar, this 100% natural product is the perfect companion for cheeses, pastas, and meats.<\/p>\n<p>In Ibiza, chilies are more than just an ingredient; they are a tradition. Known as \"Bichet,\" they have been the spicy soul of our kitchens for generations. Now, we've taken this tradition a step further by incorporating a variety of chilies and hot peppers you can find in local markets.<\/p>\n<p>Grown on our own farm, these chilies are the foundation of our most popular recipes, including this jam and our famous Spicy Oil.<\/p>\n<p>To ensure every jar is perfect, we rely on expert jam maker Bel\u00e9n Alonso, who uses a unique blend of different types of chilies. It's not just a jam, it's a gastronomic experience you won\u2019t want to miss.<\/p>","protected":false},"featured_media":1779,"template":"","meta":{"_acf_changed":false,"site-sidebar-layout":"default","site-content-layout":"default","ast-global-header-display":"","ast-main-header-display":"","ast-hfb-above-header-display":"","ast-hfb-below-header-display":"","ast-hfb-mobile-header-display":"","site-post-title":"","ast-breadcrumbs-content":"","ast-featured-img":"","footer-sml-layout":"","theme-transparent-header-meta":"default","adv-header-id-meta":"","stick-header-meta":"","header-above-stick-meta":"","header-main-stick-meta":"","header-below-stick-meta":""},"product_cat":[27],"product_tag":[24],"class_list":{"0":"post-921","1":"product","2":"type-product","3":"status-publish","4":"has-post-thumbnail","6":"product_cat-mermelada-de-guindilla","7":"product_tag-picante","8":"desktop-align-center","9":"tablet-align-left","10":"mobile-align-left","11":"ast-product-gallery-layout-first-image-large","12":"ast-product-tabs-layout-horizontal","13":"ast-qv-on-image","15":"first","16":"instock","17":"taxable","18":"shipping-taxable","19":"purchasable","20":"product-type-simple"},"acf":[],"_links":{"self":[{"href":"https:\/\/fluxaibiza.com\/en\/wp-json\/wp\/v2\/product\/921","targetHints":{"allow":["GET"]}}],"collection":[{"href":"https:\/\/fluxaibiza.com\/en\/wp-json\/wp\/v2\/product"}],"about":[{"href":"https:\/\/fluxaibiza.com\/en\/wp-json\/wp\/v2\/types\/product"}],"wp:featuredmedia":[{"embeddable":true,"href":"https:\/\/fluxaibiza.com\/en\/wp-json\/wp\/v2\/media\/1779"}],"wp:attachment":[{"href":"https:\/\/fluxaibiza.com\/en\/wp-json\/wp\/v2\/media?parent=921"}],"wp:term":[{"taxonomy":"product_cat","embeddable":true,"href":"https:\/\/fluxaibiza.com\/en\/wp-json\/wp\/v2\/product_cat?post=921"},{"taxonomy":"product_tag","embeddable":true,"href":"https:\/\/fluxaibiza.com\/en\/wp-json\/wp\/v2\/product_tag?post=921"}],"curies":[{"name":"wp","href":"https:\/\/api.w.org\/{rel}","templated":true}]}}