{"id":2191,"date":"2024-12-18T18:10:32","date_gmt":"2024-12-18T17:10:32","guid":{"rendered":"https:\/\/fluxaibiza.com\/?post_type=product&#038;p=2191"},"modified":"2024-12-18T18:28:58","modified_gmt":"2024-12-18T17:28:58","slug":"paks-allioli","status":"publish","type":"product","link":"https:\/\/fluxaibiza.com\/en\/product\/paks-allioli\/","title":{"rendered":"Paks Allioli"},"content":{"rendered":"<p>Explora un mundo de sabores con nuestro exclusivo pack que re\u00fane tres variedades irresistibles de all i oli artesanal. Perfecto para quienes buscan transformar cada comida en una experiencia inolvidable:<\/p>\n<ul>\n<li><strong>All i Oli Natural:<\/strong> El cl\u00e1sico de siempre, elaborado como lo hac\u00edan nuestras abuelas. Vegano, lleno de tradici\u00f3n y sin conservantes, es ideal para disfrutar con pan fresco, patatas o cualquier plato que necesite un toque especial.<\/li>\n<li><strong>All i Oli de Basilico:<\/strong> Con un toque de albahaca fresca, esta versi\u00f3n combina lo mejor de la cocina mediterr\u00e1nea. Un sabor suave y arom\u00e1tico que despierta los sentidos y realza tus aperitivos o platos favoritos.<\/li>\n<li><strong>All i Oli de Chipotle:<\/strong> Para los amantes del picante, este all i oli a\u00f1ade un toque ahumado y atrevido a cualquier bocado. Sorprende a tus invitados o disfruta t\u00fa mismo de su intensidad equilibrada.<\/li>\n<\/ul>\n<p>Cada tarro est\u00e1 elaborado con ingredientes de primera calidad, es completamente vegano y no necesita refrigeraci\u00f3n antes de abrirse. Todo presentado en tarros de cristal con tapa dorada, que reflejan la elegancia y cuidado detr\u00e1s de cada receta.<\/p>\n<p><strong>Incluye:<\/strong><\/p>\n<ul>\n<li>1 tarro de All i Oli Natural (65g)<\/li>\n<li>1 tarro de All i Oli Basilico (65g)<\/li>\n<li>1 tarro de All i Oli Chipotle (65g)<\/li>\n<\/ul>\n<p>\u00a1Un regalo perfecto o un capricho para los amantes de los sabores aut\u00e9nticos y originales!<\/p>","protected":false},"excerpt":{"rendered":"<p>Explora un mundo de sabores con nuestro exclusivo pack que re\u00fane tres variedades irresistibles de all i oli artesanal. Perfecto para quienes buscan transformar cada comida en una experiencia inolvidable: All i Oli Natural: El cl\u00e1sico de siempre, elaborado como lo hac\u00edan nuestras abuelas. Vegano, lleno de tradici\u00f3n y sin conservantes, es ideal para disfrutar &hellip;<\/p>\n<p class=\"read-more\"> <a class=\"\" href=\"https:\/\/fluxaibiza.com\/en\/product\/paks-allioli\/\"> <span class=\"screen-reader-text\">Paks Allioli<\/span> Read More &raquo;<\/a><\/p>","protected":false},"featured_media":2192,"template":"","meta":{"_acf_changed":false,"site-sidebar-layout":"default","site-content-layout":"default","ast-global-header-display":"","ast-main-header-display":"","ast-hfb-above-header-display":"","ast-hfb-below-header-display":"","ast-hfb-mobile-header-display":"","site-post-title":"","ast-breadcrumbs-content":"","ast-featured-img":"","footer-sml-layout":"","theme-transparent-header-meta":"default","adv-header-id-meta":"","stick-header-meta":"","header-above-stick-meta":"","header-main-stick-meta":"","header-below-stick-meta":""},"product_cat":[53],"product_tag":[],"class_list":{"0":"post-2191","1":"product","2":"type-product","3":"status-publish","4":"has-post-thumbnail","6":"product_cat-alioli","7":"desktop-align-center","8":"tablet-align-left","9":"mobile-align-left","10":"ast-product-gallery-layout-first-image-large","11":"ast-product-tabs-layout-horizontal","12":"ast-qv-on-image","14":"first","15":"instock","16":"taxable","17":"shipping-taxable","18":"purchasable","19":"product-type-simple"},"acf":[],"_links":{"self":[{"href":"https:\/\/fluxaibiza.com\/en\/wp-json\/wp\/v2\/product\/2191","targetHints":{"allow":["GET"]}}],"collection":[{"href":"https:\/\/fluxaibiza.com\/en\/wp-json\/wp\/v2\/product"}],"about":[{"href":"https:\/\/fluxaibiza.com\/en\/wp-json\/wp\/v2\/types\/product"}],"wp:featuredmedia":[{"embeddable":true,"href":"https:\/\/fluxaibiza.com\/en\/wp-json\/wp\/v2\/media\/2192"}],"wp:attachment":[{"href":"https:\/\/fluxaibiza.com\/en\/wp-json\/wp\/v2\/media?parent=2191"}],"wp:term":[{"taxonomy":"product_cat","embeddable":true,"href":"https:\/\/fluxaibiza.com\/en\/wp-json\/wp\/v2\/product_cat?post=2191"},{"taxonomy":"product_tag","embeddable":true,"href":"https:\/\/fluxaibiza.com\/en\/wp-json\/wp\/v2\/product_tag?post=2191"}],"curies":[{"name":"wp","href":"https:\/\/api.w.org\/{rel}","templated":true}]}}