{"id":2003,"date":"2024-12-05T11:57:20","date_gmt":"2024-12-05T10:57:20","guid":{"rendered":"https:\/\/fluxaibiza.com\/?post_type=product&#038;p=2003"},"modified":"2025-07-17T12:51:46","modified_gmt":"2025-07-17T10:51:46","slug":"hierbas-ibicencas-50cl","status":"publish","type":"product","link":"https:\/\/fluxaibiza.com\/en\/product\/hierbas-ibicencas-50cl\/","title":{"rendered":"Hierbas ibicencas 50cl"},"content":{"rendered":"<h2>\u00bfQu\u00e9 son las hierbas ibicencas Flux\u00e0?<\/h2>\n<p>Las Hierbas ibicencas Flux\u00e0, de elaboraci\u00f3n propia, es una <strong>bebida espirituosa tradicional <\/strong> y Formentera elaborada con la cuidadosa maceraci\u00f3n, sobre base alcoh\u00f3lica, de diversas plantas locales como el hinojo, tomillo, romero, hierba-Luisa, espliego, ruda, eucaliptos, manzanilla, enebro con enebrinas, or\u00e9gano, menta, hierba-sana, hojas y piel de lim\u00f3n y naranja, y salvia en presencia de otras plantas como el an\u00eds estrellado o badiana y el an\u00eds verde o matafaluga.<\/p>\n<p>Cultivamos personalmente todas las plantas utilizadas en nuestra receta y elaboramos la receta en nuestra destiler\u00eda artesanal (ubicada en la misma finca). De este modo controlamos todo el proceso de producci\u00f3n de nuestro producto: el cultivo de las plantas, la recolecci\u00f3n, el destilado y el embotellamiento y etiquetado del producto final.<\/p>\n<h2>\u00bfQu\u00e9 ingredientes contienen las Hierbas ibicencas Flux\u00e0 Ibiza?<\/h2>\n<p>A total of 18 aromatic herbs and agricultural alcohol of 70\u00ba.<\/p>\n<ul>\n<li>THYME (FRIGOLA)<\/li>\n<li>ROSEMARY<\/li>\n<li>LUISA HERB<\/li>\n<li>LAVENDER\/LAVENDER<\/li>\n<li>RUDA<\/li>\n<li>EUCALYPTUS<\/li>\n<li>CHAMOMILE<\/li>\n<li>JUNIPER WITH OR WITHOUT PELLETS<\/li>\n<li>MINT<\/li>\n<li>PEPPERMINT<\/li>\n<li>LEMON LEAF<\/li>\n<li>LEMON PEEL<\/li>\n<li>ORANGE LEAF<\/li>\n<li>ORANGE PEEL<\/li>\n<li>SAGE<\/li>\n<li>HIERBA DE SAN JUAN\/HIP\u00c9RICO<\/li>\n<li>WORMWOOD (DONZELL BLANC)<\/li>\n<li>70 PROOF ALCOHOL<\/li>\n<\/ul>\n<h2>Is the production artisanal?<\/h2>\n<p>S\u00ed, todos nuestros productos son artesanales. Juan es artesano licorero y Bel\u00e9n artesana mermeladera y entre los dos desarrollan y elaboran todos nuestros productos (concepci\u00f3n de la receta, cultivo de los ingredientes en nuestra finca y elaboraci\u00f3n del producto)<\/p>\n<h2>What kind of additives and preservatives does it contain?<\/h2>\n<p>None. All the products are natural and therefore contain no additives of any kind (preservatives, colorants, or chemical agents).<\/p>\n<h2>Is it an original recipe?<\/h2>\n<p>S\u00ed, la receta de nuestras Hierbas ibicencas ha sido desarrollada por Flux\u00e0 Ibiza (Juan Tur, artesano licorero)<\/p>\n<h2>How is the product packaged?<\/h2>\n<p>We do it by hand in our factory so we guarantee and supervise the entire production chain.<\/p>\n<h2>How long does my order take?<\/h2>\n<p>Once you place your order, we deliver it to the transport agency within 24 hours.<\/p>\n<h2>What happens if my product does not arrive in perfect condition?<\/h2>\n<p class=\"translation-block\">Our packages are sent perfectly packed by courier.\nWe make sure that its conservation and transport are carried out in the best conditions, so that you can serve a traditional product on your table, just as you would enjoy it on our island.\nIf the product does not arrive in perfect conditions, please contact us and we will solve any inconvenience as soon as possible.<\/p>\n<p><script type=\"application\/ld+json\">\n{\n  \"@context\": \"https:\/\/schema.org\",\n  \"@type\": \"FAQPage\",\n  \"mainEntity\": [{\n    \"@type\": \"Question\",\n    \"name\": \"\u00bfQu\u00e9 ingredientes contienen las Hierbas Artesanas Flux\u00e0 Ibiza?\",\n    \"acceptedAnswer\": {\n      \"@type\": \"Answer\",\n      \"text\": \"Un total de 18 hierbas arom\u00e1ticas y alcohol agr\u00edcola de 70\u00ba\"\n    }\n  },{\n    \"@type\": \"Question\",\n    \"name\": \"\u00bfLa fabricaci\u00f3n es artesanal?\",\n    \"acceptedAnswer\": {\n      \"@type\": \"Answer\",\n      \"text\": \"S\u00ed, todos nuestros productos son artesanales. Juan es artesano licorero y Bel\u00e9n artesana mermeladera y entre los dos desarrollan y elaboran todos nuestros productos (concepci\u00f3n de la receta, cultivo de los ingredientes en nuestra finca y elaboraci\u00f3n del producto)\"\n    }\n  },{\n    \"@type\": \"Question\",\n    \"name\": \"\u00bfQu\u00e9 tipo de aditivos y conservantes contiene?\",\n    \"acceptedAnswer\": {\n      \"@type\": \"Answer\",\n      \"text\": \"Ninguno.  Todos los productos son naturales y por lo tanto se trata de un producto sin aditivos de ninguna clase (conservante, colorante o agente qu\u00edmico).\"\n    }\n  },{\n    \"@type\": \"Question\",\n    \"name\": \"\u00bfSe trata de una receta original?\",\n    \"acceptedAnswer\": {\n      \"@type\": \"Answer\",\n      \"text\": \"S\u00ed, la receta de nuestras Hierbas Artesanas ha sido desarrollada por Flux\u00e0 Ibiza (Juan Tur, artesano licorero)\"\n    }\n  },{\n    \"@type\": \"Question\",\n    \"name\": \"\u00bfC\u00f3mo se realiza el envasado del producto?\",\n    \"acceptedAnswer\": {\n      \"@type\": \"Answer\",\n      \"text\": \"Lo realizamos a mano en nuestra f\u00e1brica por lo que garantizamos y supervisamos toda la cadena de producci\u00f3n.\"\n    }\n  },{\n    \"@type\": \"Question\",\n    \"name\": \"\u00bfCu\u00e1nto tarda mi pedido?\",\n    \"acceptedAnswer\": {\n      \"@type\": \"Answer\",\n      \"text\": \"Una vez realices tu pedido, lo dejamos en la agencia de transporte en 24 horas.\"\n    }\n  },{\n    \"@type\": \"Question\",\n    \"name\": \"\u00bfQu\u00e9 pasa si mi producto no llega en perfectas condiciones?\",\n    \"acceptedAnswer\": {\n      \"@type\": \"Answer\",\n      \"text\": \"Nuestros paquetes se env\u00edan perfectamente embalados a trav\u00e9s de mensajer\u00eda.\nNos aseguramos de que su conservaci\u00f3n y traslado se realicen en las mejores condiciones, para que sirvas en tu mesa un producto tradicional, tal y c\u00f3mo lo estar\u00edas disfrutando en nuestra isla.\nSi el producto no llegase en perfectas condiciones, ponte en contacto con nosotros y solucionaremos cualquier inconveniente a la mayor brevedad.\"\n    }\n  }]\n}\n<\/script><\/p>","protected":false},"excerpt":{"rendered":"<p>Ibiza is a natural paradise for lovers of a good liqueur. Herbs and plants grow wild on the island, and some of them are distilled into a unique liqueur that has been enjoyed by local, national and international visitors for many centuries.<\/p>\n<p>Si hay un licor que conecta nuestros sentidos con el hermoso campo es sin duda el <b>licor de Hierbas ibicencas<\/b>.<\/p>\n<p>Peso: 1,155<\/p>\n<ul>\n<li><b>Grado alcoh\u00f3lico<\/b>: 25%<\/li>\n<li><b>Color<\/b>: \u00e1mbar<\/li>\n<li><b>Envase:<\/b>\u00a0botella cuadrada de cristal<\/li>\n<li><b>Propiedades<\/b>: digestivo<\/li>\n<li><strong>Peso: <\/strong>1,155 Kg.<\/li>\n<\/ul>","protected":false},"featured_media":2086,"template":"","meta":{"_acf_changed":false,"site-sidebar-layout":"default","site-content-layout":"default","ast-global-header-display":"","ast-main-header-display":"","ast-hfb-above-header-display":"","ast-hfb-below-header-display":"","ast-hfb-mobile-header-display":"","site-post-title":"","ast-breadcrumbs-content":"","ast-featured-img":"","footer-sml-layout":"","theme-transparent-header-meta":"default","adv-header-id-meta":"","stick-header-meta":"","header-above-stick-meta":"","header-main-stick-meta":"","header-below-stick-meta":""},"product_cat":[49],"product_tag":[],"class_list":{"0":"post-2003","1":"product","2":"type-product","3":"status-publish","4":"has-post-thumbnail","6":"product_cat-hierbas-ibicencas","7":"desktop-align-center","8":"tablet-align-left","9":"mobile-align-left","10":"ast-product-gallery-layout-first-image-large","11":"ast-product-gallery-with-no-image","12":"ast-product-tabs-layout-horizontal","13":"ast-qv-on-image","15":"first","16":"instock","17":"taxable","18":"shipping-taxable","19":"purchasable","20":"product-type-simple"},"acf":[],"_links":{"self":[{"href":"https:\/\/fluxaibiza.com\/en\/wp-json\/wp\/v2\/product\/2003","targetHints":{"allow":["GET"]}}],"collection":[{"href":"https:\/\/fluxaibiza.com\/en\/wp-json\/wp\/v2\/product"}],"about":[{"href":"https:\/\/fluxaibiza.com\/en\/wp-json\/wp\/v2\/types\/product"}],"wp:featuredmedia":[{"embeddable":true,"href":"https:\/\/fluxaibiza.com\/en\/wp-json\/wp\/v2\/media\/2086"}],"wp:attachment":[{"href":"https:\/\/fluxaibiza.com\/en\/wp-json\/wp\/v2\/media?parent=2003"}],"wp:term":[{"taxonomy":"product_cat","embeddable":true,"href":"https:\/\/fluxaibiza.com\/en\/wp-json\/wp\/v2\/product_cat?post=2003"},{"taxonomy":"product_tag","embeddable":true,"href":"https:\/\/fluxaibiza.com\/en\/wp-json\/wp\/v2\/product_tag?post=2003"}],"curies":[{"name":"wp","href":"https:\/\/api.w.org\/{rel}","templated":true}]}}