{"id":1155,"date":"2023-11-27T06:55:44","date_gmt":"2023-11-27T05:55:44","guid":{"rendered":"https:\/\/fluxaibiza.com\/producto\/allioli-basilico\/"},"modified":"2024-12-18T18:41:53","modified_gmt":"2024-12-18T17:41:53","slug":"allioli-basilico","status":"publish","type":"product","link":"https:\/\/fluxaibiza.com\/en\/product\/allioli-basilico\/","title":{"rendered":"Basil Garlic Sauce"},"content":{"rendered":"<p>In this land, rich in olive oil and garlic, our all i oli could not be missing.<\/p>\n<p>Que com\u00fan es que cuando nos sentamos en un restaurante tradicional, nos sirvan all i oli, aceitunas y pan, como aperitivo. En Flux\u00e1 hemos ido m\u00e1s lejos. Queremos explorar tu imaginaci\u00f3n y tu sabor.<\/p>\n<p>We have crafted an all i oli with basil to awaken flavors and sensations.<\/p>\n<p>We let you discover aromas, flavors, and emotions. All of it vegan, and with no need for refrigeration until you've opened it.<\/p>\n<ul>\n<li class=\"translation-block\"><b>Packaging:<\/b>: Glass jar with a golden lid<\/li>\n<li><strong>Net weight:<\/strong> 65gr<\/li>\n<li><strong>Gross weight:<\/strong> 165gr<\/li>\n<\/ul>","protected":false},"excerpt":{"rendered":"<p>En esta tierra , tambi\u00e9n de aceite y ajos, no podr\u00eda faltar nuestro all i oli, Que com\u00fan es que cuando nos sentamos en un restaurante tradicional, nos sirvan all i oli, aceitunas y pan, como aperitivo. En Flux\u00e1 hemos ido m\u00e1s lejos. Queremos explorar tu imaginaci\u00f3n y tu sabor. Hemos elaborado un all i &hellip;<\/p>\n<p class=\"read-more\"> <a class=\"\" href=\"https:\/\/fluxaibiza.com\/en\/product\/allioli-basilico\/\"> <span class=\"screen-reader-text\">Basil Garlic Sauce<\/span> Read More &raquo;<\/a><\/p>","protected":false},"featured_media":1763,"template":"","meta":{"_acf_changed":false,"site-sidebar-layout":"default","site-content-layout":"default","ast-global-header-display":"","ast-main-header-display":"","ast-hfb-above-header-display":"","ast-hfb-below-header-display":"","ast-hfb-mobile-header-display":"","site-post-title":"","ast-breadcrumbs-content":"","ast-featured-img":"","footer-sml-layout":"","theme-transparent-header-meta":"default","adv-header-id-meta":"","stick-header-meta":"","header-above-stick-meta":"","header-main-stick-meta":"","header-below-stick-meta":""},"product_cat":[53],"product_tag":[],"class_list":{"0":"post-1155","1":"product","2":"type-product","3":"status-publish","4":"has-post-thumbnail","6":"product_cat-alioli","7":"desktop-align-center","8":"tablet-align-left","9":"mobile-align-left","10":"ast-product-gallery-layout-first-image-large","11":"ast-product-tabs-layout-horizontal","12":"ast-qv-on-image","14":"first","15":"instock","16":"taxable","17":"shipping-taxable","18":"purchasable","19":"product-type-simple"},"acf":[],"_links":{"self":[{"href":"https:\/\/fluxaibiza.com\/en\/wp-json\/wp\/v2\/product\/1155","targetHints":{"allow":["GET"]}}],"collection":[{"href":"https:\/\/fluxaibiza.com\/en\/wp-json\/wp\/v2\/product"}],"about":[{"href":"https:\/\/fluxaibiza.com\/en\/wp-json\/wp\/v2\/types\/product"}],"wp:featuredmedia":[{"embeddable":true,"href":"https:\/\/fluxaibiza.com\/en\/wp-json\/wp\/v2\/media\/1763"}],"wp:attachment":[{"href":"https:\/\/fluxaibiza.com\/en\/wp-json\/wp\/v2\/media?parent=1155"}],"wp:term":[{"taxonomy":"product_cat","embeddable":true,"href":"https:\/\/fluxaibiza.com\/en\/wp-json\/wp\/v2\/product_cat?post=1155"},{"taxonomy":"product_tag","embeddable":true,"href":"https:\/\/fluxaibiza.com\/en\/wp-json\/wp\/v2\/product_tag?post=1155"}],"curies":[{"name":"wp","href":"https:\/\/api.w.org\/{rel}","templated":true}]}}