{"id":1103,"date":"2022-06-16T11:17:11","date_gmt":"2022-06-16T09:17:11","guid":{"rendered":"https:\/\/fluxaibiza.com\/producto\/sal-natural-3\/"},"modified":"2026-01-22T17:45:13","modified_gmt":"2026-01-22T16:45:13","slug":"sal-natural-3","status":"publish","type":"product","link":"https:\/\/fluxaibiza.com\/en\/product\/sal-natural-3\/","title":{"rendered":"Natural Salt"},"content":{"rendered":"<p class=\"translation-block\">Natural salt is <strong>100% sea salt from Ibiza<\/strong> without additives or preservatives and without undergoing any refining.<\/p>\n<h2>What ingredients are in Flux\u00e0 Ibiza Ibizan Herbs?<\/h2>\n<p>Sal de las salinas de Ibiza.<\/p>\n<h2>Is the production artisanal?<\/h2>\n<p>Yes, all our products are handmade. Juan is a liquor artisan, and Bel\u00e9n is a jam artisan. Together, they develop and craft all our products, from the recipe creation to the production process.<\/p>\n<h2>What kind of additives and preservatives does it contain?<\/h2>\n<p>None. All the products are natural and therefore contain no additives of any kind (preservatives, colorants, or chemical agents).<\/p>\n<h2>How is the product packaged?<\/h2>\n<p>We do it by hand in our factory so we guarantee and supervise the entire production chain.<\/p>\n<h2>How long does my order take?<\/h2>\n<p>Once you place your order, we deliver it to the transport agency within 24 hours.<\/p>\n<h2>What happens if my product does not arrive in perfect condition?<\/h2>\n<p class=\"translation-block\">Our packages are sent perfectly packed by courier.\nWe make sure that its conservation and transport are carried out in the best conditions, so that you can serve a traditional product on your table, just as you would enjoy it on our island.\nIf the product does not arrive in perfect conditions, please contact us and we will solve any inconvenience as soon as possible.<\/p>\n<p><script type=\"application\/ld+json\">\n{\n  \"@context\": \"https:\/\/schema.org\",\n  \"@type\": \"FAQPage\",\n  \"mainEntity\": [{\n    \"@type\": \"Question\",\n    \"name\": \"\u00bfQu\u00e9 ingredientes contienen las Hierbas Ibicencas Flux\u00e0 Ibiza?\",\n    \"acceptedAnswer\": {\n      \"@type\": \"Answer\",\n      \"text\": \"Sal de las salinas de Ibiza.\"\n    }\n  },{\n    \"@type\": \"Question\",\n    \"name\": \"\u00bfLa fabricaci\u00f3n es artesanal?\",\n    \"acceptedAnswer\": {\n      \"@type\": \"Answer\",\n      \"text\": \"S\u00ed, todos nuestros productos son artesanales. Juan es artesano licorero y Bel\u00e9n artesana mermeladera y entre los dos desarrollan y elaboran todos nuestros productos (concepci\u00f3n de la receta y elaboraci\u00f3n del producto)\"\n    }\n  },{\n    \"@type\": \"Question\",\n    \"name\": \"\u00bfQu\u00e9 tipo de aditivos y conservantes contiene?\",\n    \"acceptedAnswer\": {\n      \"@type\": \"Answer\",\n      \"text\": \"Ninguno.  Todos los productos son naturales y por lo tanto se trata de un producto sin aditivos de ninguna clase (conservante, colorante o agente qu\u00edmico).\"\n    }\n  },{\n    \"@type\": \"Question\",\n    \"name\": \"\u00bfC\u00f3mo se realiza el envasado del producto?\",\n    \"acceptedAnswer\": {\n      \"@type\": \"Answer\",\n      \"text\": \"Lo realizamos a mano en nuestra f\u00e1brica por lo que garantizamos y supervisamos toda la cadena de producci\u00f3n.\"\n    }\n  },{\n    \"@type\": \"Question\",\n    \"name\": \"\u00bfCu\u00e1nto tarda mi pedido?\",\n    \"acceptedAnswer\": {\n      \"@type\": \"Answer\",\n      \"text\": \"Una vez realices tu pedido, lo dejamos en la agencia de transporte en 24 horas.\"\n    }\n  },{\n    \"@type\": \"Question\",\n    \"name\": \"\u00bfQu\u00e9 pasa si mi producto no llega en perfectas condiciones?\",\n    \"acceptedAnswer\": {\n      \"@type\": \"Answer\",\n      \"text\": \"Nuestros paquetes se env\u00edan perfectamente embalados a trav\u00e9s de mensajer\u00eda.\nNos aseguramos de que su conservaci\u00f3n y traslado se realicen en las mejores condiciones, para que sirvas en tu mesa un producto tradicional, tal y c\u00f3mo lo estar\u00edas disfrutando en nuestra isla.\nSi el producto no llegase en perfectas condiciones, ponte en contacto con nosotros y solucionaremos cualquier inconveniente a la mayor brevedad.\"\n    }\n  }]\n}\n<\/script><\/p>","protected":false},"excerpt":{"rendered":"<p>Our natural salt comes from the salt mines of Ibiza.<\/p>\n<p>The secret to the extraordinary vitality of Ibiza's marine environment lies in a very special plant. Posidonia Oceanica enhances the purity of the natural trace minerals in the seawater, which are collected by the salts and brines from our salt pans.<\/p>\n<p>At Flux\u00e0 Ibiza we supervise the grinding of the salt, dried in the sun and crushed in a stone mill, so that the thickness is ideal for the seasoning of the dishes, as well as for its pairing with aromatic herbs, peppers and other spices.<\/p>\n<p>The secret of our natural salt, therefore, lies as much in the quality of the salt as in the thickness of its grinding.<\/p>","protected":false},"featured_media":1803,"template":"","meta":{"_acf_changed":false,"site-sidebar-layout":"default","site-content-layout":"default","ast-global-header-display":"","ast-main-header-display":"","ast-hfb-above-header-display":"","ast-hfb-below-header-display":"","ast-hfb-mobile-header-display":"","site-post-title":"","ast-breadcrumbs-content":"","ast-featured-img":"","footer-sml-layout":"","theme-transparent-header-meta":"default","adv-header-id-meta":"","stick-header-meta":"","header-above-stick-meta":"","header-main-stick-meta":"","header-below-stick-meta":""},"product_cat":[25],"product_tag":[],"class_list":{"0":"post-1103","1":"product","2":"type-product","3":"status-publish","4":"has-post-thumbnail","6":"product_cat-sal-de-ibiza","7":"desktop-align-center","8":"tablet-align-left","9":"mobile-align-left","10":"ast-product-gallery-layout-first-image-large","11":"ast-product-single-variable","12":"ast-product-tabs-layout-horizontal","13":"ast-qv-on-image","15":"first","16":"instock","17":"taxable","18":"shipping-taxable","19":"purchasable","20":"product-type-variable"},"acf":[],"_links":{"self":[{"href":"https:\/\/fluxaibiza.com\/en\/wp-json\/wp\/v2\/product\/1103","targetHints":{"allow":["GET"]}}],"collection":[{"href":"https:\/\/fluxaibiza.com\/en\/wp-json\/wp\/v2\/product"}],"about":[{"href":"https:\/\/fluxaibiza.com\/en\/wp-json\/wp\/v2\/types\/product"}],"wp:featuredmedia":[{"embeddable":true,"href":"https:\/\/fluxaibiza.com\/en\/wp-json\/wp\/v2\/media\/1803"}],"wp:attachment":[{"href":"https:\/\/fluxaibiza.com\/en\/wp-json\/wp\/v2\/media?parent=1103"}],"wp:term":[{"taxonomy":"product_cat","embeddable":true,"href":"https:\/\/fluxaibiza.com\/en\/wp-json\/wp\/v2\/product_cat?post=1103"},{"taxonomy":"product_tag","embeddable":true,"href":"https:\/\/fluxaibiza.com\/en\/wp-json\/wp\/v2\/product_tag?post=1103"}],"curies":[{"name":"wp","href":"https:\/\/api.w.org\/{rel}","templated":true}]}}